{"id":38,"date":"2026-02-18T17:07:10","date_gmt":"2026-02-18T17:07:10","guid":{"rendered":"https:\/\/hundeschule-rothenthurm.ch\/?page_id=38"},"modified":"2026-02-20T20:21:27","modified_gmt":"2026-02-20T20:21:27","slug":"vorstand","status":"publish","type":"page","link":"https:\/\/hundeschule-rothenthurm.ch\/?page_id=38","title":{"rendered":"Vorstand"},"content":{"rendered":"\n<p>Pr\u00e4sidentin: Marion Ulrich<\/p>\n\n\n\n<figure class=\"wp-block-image size-medium\"><img loading=\"lazy\" decoding=\"async\" width=\"225\" height=\"300\" src=\"https:\/\/hundeschule-rothenthurm.ch\/wp-content\/uploads\/2026\/02\/Bild-Marion-225x300.jpg\" alt=\"\" class=\"wp-image-54\" srcset=\"https:\/\/hundeschule-rothenthurm.ch\/wp-content\/uploads\/2026\/02\/Bild-Marion-225x300.jpg 225w, https:\/\/hundeschule-rothenthurm.ch\/wp-content\/uploads\/2026\/02\/Bild-Marion-768x1024.jpg 768w, https:\/\/hundeschule-rothenthurm.ch\/wp-content\/uploads\/2026\/02\/Bild-Marion-1152x1536.jpg 1152w, https:\/\/hundeschule-rothenthurm.ch\/wp-content\/uploads\/2026\/02\/Bild-Marion-1536x2048.jpg 1536w, https:\/\/hundeschule-rothenthurm.ch\/wp-content\/uploads\/2026\/02\/Bild-Marion-scaled.jpg 1920w\" sizes=\"auto, (max-width: 225px) 100vw, 225px\" \/><\/figure>\n\n\n\n<p>Vize-Pr\u00e4sidentin: Edith Schn\u00fcriger<\/p>\n\n\n\n<figure class=\"wp-block-image size-medium\"><img loading=\"lazy\" decoding=\"async\" width=\"225\" height=\"300\" src=\"https:\/\/hundeschule-rothenthurm.ch\/wp-content\/uploads\/2026\/02\/Bild-Edith-225x300.jpg\" alt=\"\" class=\"wp-image-53\" srcset=\"https:\/\/hundeschule-rothenthurm.ch\/wp-content\/uploads\/2026\/02\/Bild-Edith-225x300.jpg 225w, https:\/\/hundeschule-rothenthurm.ch\/wp-content\/uploads\/2026\/02\/Bild-Edith-768x1024.jpg 768w, https:\/\/hundeschule-rothenthurm.ch\/wp-content\/uploads\/2026\/02\/Bild-Edith-1152x1536.jpg 1152w, https:\/\/hundeschule-rothenthurm.ch\/wp-content\/uploads\/2026\/02\/Bild-Edith-1536x2048.jpg 1536w, https:\/\/hundeschule-rothenthurm.ch\/wp-content\/uploads\/2026\/02\/Bild-Edith-scaled.jpg 1920w\" sizes=\"auto, (max-width: 225px) 100vw, 225px\" \/><\/figure>\n\n\n\n<p>Vereinskasse: Stefan Tschudin<\/p>\n\n\n\n<figure class=\"wp-block-image size-medium\"><img loading=\"lazy\" decoding=\"async\" width=\"225\" height=\"300\" src=\"https:\/\/hundeschule-rothenthurm.ch\/wp-content\/uploads\/2026\/02\/Bild-Stefan-Tschudin-225x300.jpg\" alt=\"\" class=\"wp-image-52\" srcset=\"https:\/\/hundeschule-rothenthurm.ch\/wp-content\/uploads\/2026\/02\/Bild-Stefan-Tschudin-225x300.jpg 225w, https:\/\/hundeschule-rothenthurm.ch\/wp-content\/uploads\/2026\/02\/Bild-Stefan-Tschudin-768x1024.jpg 768w, https:\/\/hundeschule-rothenthurm.ch\/wp-content\/uploads\/2026\/02\/Bild-Stefan-Tschudin-1152x1536.jpg 1152w, https:\/\/hundeschule-rothenthurm.ch\/wp-content\/uploads\/2026\/02\/Bild-Stefan-Tschudin-1536x2048.jpg 1536w, https:\/\/hundeschule-rothenthurm.ch\/wp-content\/uploads\/2026\/02\/Bild-Stefan-Tschudin-scaled.jpg 1920w\" sizes=\"auto, (max-width: 225px) 100vw, 225px\" \/><\/figure>\n\n\n\n<p>Technische Leitung: Barbara Imhof<\/p>\n\n\n\n<figure class=\"wp-block-image size-medium\"><img decoding=\"async\" src=\"https:\/\/hundeschule-rothenthurm.ch\/wp-content\/uploads\/2026\/02\/Barbara-zugeschnitten-241x300.jpg\" alt=\"\" class=\"wp-image-51\"\/><\/figure>\n\n\n\n<p>Aktuarin: Eveline Schuler<\/p>\n\n\n\n<figure class=\"wp-block-image size-medium\"><img loading=\"lazy\" decoding=\"async\" width=\"225\" height=\"300\" src=\"https:\/\/hundeschule-rothenthurm.ch\/wp-content\/uploads\/2026\/02\/Bild-Eveline-225x300.jpg\" alt=\"\" class=\"wp-image-50\" srcset=\"https:\/\/hundeschule-rothenthurm.ch\/wp-content\/uploads\/2026\/02\/Bild-Eveline-225x300.jpg 225w, https:\/\/hundeschule-rothenthurm.ch\/wp-content\/uploads\/2026\/02\/Bild-Eveline-768x1024.jpg 768w, https:\/\/hundeschule-rothenthurm.ch\/wp-content\/uploads\/2026\/02\/Bild-Eveline-1152x1536.jpg 1152w, https:\/\/hundeschule-rothenthurm.ch\/wp-content\/uploads\/2026\/02\/Bild-Eveline-1536x2048.jpg 1536w, https:\/\/hundeschule-rothenthurm.ch\/wp-content\/uploads\/2026\/02\/Bild-Eveline-scaled.jpg 1920w\" sizes=\"auto, (max-width: 225px) 100vw, 225px\" \/><\/figure>\n\n\n\n<p>Betriebsleitung: Peter Moser<\/p>\n\n\n\n<figure class=\"wp-block-image size-medium is-resized\"><img loading=\"lazy\" decoding=\"async\" width=\"224\" height=\"300\" src=\"https:\/\/hundeschule-rothenthurm.ch\/wp-content\/uploads\/2026\/02\/IMG_0092-224x300.jpeg\" alt=\"\" class=\"wp-image-219\" style=\"width:300px;height:auto\" srcset=\"https:\/\/hundeschule-rothenthurm.ch\/wp-content\/uploads\/2026\/02\/IMG_0092-224x300.jpeg 224w, https:\/\/hundeschule-rothenthurm.ch\/wp-content\/uploads\/2026\/02\/IMG_0092.jpeg 526w\" sizes=\"auto, (max-width: 224px) 100vw, 224px\" \/><\/figure>\n\n\n\n<p>Erste Beisitzerin: Astrid Moser<\/p>\n\n\n\n<figure class=\"wp-block-image size-medium\"><img loading=\"lazy\" decoding=\"async\" width=\"300\" height=\"263\" src=\"https:\/\/hundeschule-rothenthurm.ch\/wp-content\/uploads\/2026\/02\/Astrid-300x263.jpeg\" alt=\"\" class=\"wp-image-120\" srcset=\"https:\/\/hundeschule-rothenthurm.ch\/wp-content\/uploads\/2026\/02\/Astrid-300x263.jpeg 300w, https:\/\/hundeschule-rothenthurm.ch\/wp-content\/uploads\/2026\/02\/Astrid-1024x898.jpeg 1024w, https:\/\/hundeschule-rothenthurm.ch\/wp-content\/uploads\/2026\/02\/Astrid-768x673.jpeg 768w, https:\/\/hundeschule-rothenthurm.ch\/wp-content\/uploads\/2026\/02\/Astrid.jpeg 1170w\" sizes=\"auto, (max-width: 300px) 100vw, 300px\" \/><\/figure>\n\n\n\n<p>Zweiter Beisitzer: Marcel Weinhold<\/p>\n\n\n\n<figure class=\"wp-block-image size-medium\"><img loading=\"lazy\" decoding=\"async\" width=\"230\" height=\"300\" src=\"https:\/\/hundeschule-rothenthurm.ch\/wp-content\/uploads\/2026\/02\/Bild-Marcel-230x300.jpg\" alt=\"\" class=\"wp-image-48\" srcset=\"https:\/\/hundeschule-rothenthurm.ch\/wp-content\/uploads\/2026\/02\/Bild-Marcel-230x300.jpg 230w, https:\/\/hundeschule-rothenthurm.ch\/wp-content\/uploads\/2026\/02\/Bild-Marcel-785x1024.jpg 785w, https:\/\/hundeschule-rothenthurm.ch\/wp-content\/uploads\/2026\/02\/Bild-Marcel-768x1002.jpg 768w, https:\/\/hundeschule-rothenthurm.ch\/wp-content\/uploads\/2026\/02\/Bild-Marcel-1178x1536.jpg 1178w, https:\/\/hundeschule-rothenthurm.ch\/wp-content\/uploads\/2026\/02\/Bild-Marcel-1570x2048.jpg 1570w, https:\/\/hundeschule-rothenthurm.ch\/wp-content\/uploads\/2026\/02\/Bild-Marcel.jpg 1591w\" sizes=\"auto, (max-width: 230px) 100vw, 230px\" \/><\/figure>\n","protected":false},"excerpt":{"rendered":"<p>Pr\u00e4sidentin: Marion Ulrich Vize-Pr\u00e4sidentin: Edith Schn\u00fcriger Vereinskasse: Stefan Tschudin Technische Leitung: Barbara Imhof Aktuarin: Eveline Schuler Betriebsleitung: Peter Moser Erste Beisitzerin: Astrid Moser Zweiter Beisitzer: Marcel Weinhold<\/p>\n","protected":false},"author":1,"featured_media":0,"parent":0,"menu_order":0,"comment_status":"closed","ping_status":"closed","template":"","meta":{"ngg_post_thumbnail":0,"footnotes":""},"class_list":["post-38","page","type-page","status-publish","hentry"],"_links":{"self":[{"href":"https:\/\/hundeschule-rothenthurm.ch\/index.php?rest_route=\/wp\/v2\/pages\/38","targetHints":{"allow":["GET"]}}],"collection":[{"href":"https:\/\/hundeschule-rothenthurm.ch\/index.php?rest_route=\/wp\/v2\/pages"}],"about":[{"href":"https:\/\/hundeschule-rothenthurm.ch\/index.php?rest_route=\/wp\/v2\/types\/page"}],"author":[{"embeddable":true,"href":"https:\/\/hundeschule-rothenthurm.ch\/index.php?rest_route=\/wp\/v2\/users\/1"}],"replies":[{"embeddable":true,"href":"https:\/\/hundeschule-rothenthurm.ch\/index.php?rest_route=%2Fwp%2Fv2%2Fcomments&post=38"}],"version-history":[{"count":15,"href":"https:\/\/hundeschule-rothenthurm.ch\/index.php?rest_route=\/wp\/v2\/pages\/38\/revisions"}],"predecessor-version":[{"id":220,"href":"https:\/\/hundeschule-rothenthurm.ch\/index.php?rest_route=\/wp\/v2\/pages\/38\/revisions\/220"}],"wp:attachment":[{"href":"https:\/\/hundeschule-rothenthurm.ch\/index.php?rest_route=%2Fwp%2Fv2%2Fmedia&parent=38"}],"curies":[{"name":"wp","href":"https:\/\/api.w.org\/{rel}","templated":true}]}}