{"id":35,"date":"2026-02-18T17:05:32","date_gmt":"2026-02-18T17:05:32","guid":{"rendered":"https:\/\/hundeschule-rothenthurm.ch\/?page_id=35"},"modified":"2026-02-25T18:34:57","modified_gmt":"2026-02-25T18:34:57","slug":"events","status":"publish","type":"page","link":"https:\/\/hundeschule-rothenthurm.ch\/?page_id=35","title":{"rendered":"Events"},"content":{"rendered":"\n<p class=\"has-large-font-size\"><strong>Ausstellung Sch\u00e4ferhunde<\/strong><\/p>\n\n\n\n<figure class=\"wp-block-image size-large\"><img loading=\"lazy\" decoding=\"async\" width=\"1024\" height=\"511\" src=\"http:\/\/hundeschule-rothenthurm.ch\/wp-content\/uploads\/2026\/02\/WhatsApp-Image-2026-02-25-at-17.46.05-1024x511.jpeg\" alt=\"\" class=\"wp-image-977\" srcset=\"https:\/\/hundeschule-rothenthurm.ch\/wp-content\/uploads\/2026\/02\/WhatsApp-Image-2026-02-25-at-17.46.05-1024x511.jpeg 1024w, https:\/\/hundeschule-rothenthurm.ch\/wp-content\/uploads\/2026\/02\/WhatsApp-Image-2026-02-25-at-17.46.05-300x150.jpeg 300w, https:\/\/hundeschule-rothenthurm.ch\/wp-content\/uploads\/2026\/02\/WhatsApp-Image-2026-02-25-at-17.46.05-768x384.jpeg 768w, https:\/\/hundeschule-rothenthurm.ch\/wp-content\/uploads\/2026\/02\/WhatsApp-Image-2026-02-25-at-17.46.05-1536x767.jpeg 1536w, https:\/\/hundeschule-rothenthurm.ch\/wp-content\/uploads\/2026\/02\/WhatsApp-Image-2026-02-25-at-17.46.05.jpeg 1600w\" sizes=\"auto, (max-width: 767px) 89vw, (max-width: 1000px) 54vw, (max-width: 1071px) 543px, 580px\" \/><\/figure>\n\n\n\n<p><a href=\"http:\/\/www.schaeferhund.ch\">http:\/\/www.schaeferhund.ch<\/a><\/p>\n\n\n\n<p class=\"has-large-font-size\"><strong>Plausch-Tag<\/strong><\/p>\n\n\n\n<figure class=\"wp-block-image size-full\"><img loading=\"lazy\" decoding=\"async\" width=\"952\" height=\"714\" src=\"http:\/\/hundeschule-rothenthurm.ch\/wp-content\/uploads\/2026\/02\/Plausch-Tag.jpg\" alt=\"\" class=\"wp-image-161\" srcset=\"https:\/\/hundeschule-rothenthurm.ch\/wp-content\/uploads\/2026\/02\/Plausch-Tag.jpg 952w, https:\/\/hundeschule-rothenthurm.ch\/wp-content\/uploads\/2026\/02\/Plausch-Tag-300x225.jpg 300w, https:\/\/hundeschule-rothenthurm.ch\/wp-content\/uploads\/2026\/02\/Plausch-Tag-768x576.jpg 768w\" sizes=\"auto, (max-width: 767px) 89vw, (max-width: 1000px) 54vw, (max-width: 1071px) 543px, 580px\" \/><\/figure>\n\n\n\n<div class=\"wp-block-file\"><a id=\"wp-block-file--media-c8cdc4a9-ea7f-48af-8e22-36b80cc4ac7f\" href=\"http:\/\/hundeschule-rothenthurm.ch\/wp-content\/uploads\/2026\/02\/Upload_Plausch-Tag_30.5.-od.-13.6.26.pdf\">Plausch-Tag_30.5. od. 13.6.26<\/a><a href=\"http:\/\/hundeschule-rothenthurm.ch\/wp-content\/uploads\/2026\/02\/Upload_Plausch-Tag_30.5.-od.-13.6.26.pdf\" class=\"wp-block-file__button wp-element-button\" download aria-describedby=\"wp-block-file--media-c8cdc4a9-ea7f-48af-8e22-36b80cc4ac7f\">Herunterladen<\/a><\/div>\n\n\n\n<p><\/p>\n\n\n\n<p class=\"has-large-font-size\"><strong>Plausch-Meeting<\/strong><\/p>\n\n\n\n<figure class=\"wp-block-image size-full\"><img loading=\"lazy\" decoding=\"async\" width=\"952\" height=\"715\" src=\"http:\/\/hundeschule-rothenthurm.ch\/wp-content\/uploads\/2026\/02\/Plausch_Agility.jpg\" alt=\"\" class=\"wp-image-162\" srcset=\"https:\/\/hundeschule-rothenthurm.ch\/wp-content\/uploads\/2026\/02\/Plausch_Agility.jpg 952w, https:\/\/hundeschule-rothenthurm.ch\/wp-content\/uploads\/2026\/02\/Plausch_Agility-300x225.jpg 300w, https:\/\/hundeschule-rothenthurm.ch\/wp-content\/uploads\/2026\/02\/Plausch_Agility-768x577.jpg 768w\" sizes=\"auto, (max-width: 767px) 89vw, (max-width: 1000px) 54vw, (max-width: 1071px) 543px, 580px\" \/><\/figure>\n\n\n\n<div class=\"wp-block-file\"><a id=\"wp-block-file--media-7185f083-39c2-405c-b601-8566648a89e5\" href=\"http:\/\/hundeschule-rothenthurm.ch\/wp-content\/uploads\/2026\/02\/Upload_Plausch-Agility-Meeting_27.6.26.pdf\">Plausch-Agility-Meeting_27.6.26<\/a><a href=\"http:\/\/hundeschule-rothenthurm.ch\/wp-content\/uploads\/2026\/02\/Upload_Plausch-Agility-Meeting_27.6.26.pdf\" class=\"wp-block-file__button wp-element-button\" download aria-describedby=\"wp-block-file--media-7185f083-39c2-405c-b601-8566648a89e5\">Herunterladen<\/a><\/div>\n\n\n\n<figure class=\"wp-block-image size-full\"><img loading=\"lazy\" decoding=\"async\" width=\"843\" height=\"704\" src=\"http:\/\/hundeschule-rothenthurm.ch\/wp-content\/uploads\/2026\/02\/Collie.jpg\" alt=\"\" class=\"wp-image-179\" srcset=\"https:\/\/hundeschule-rothenthurm.ch\/wp-content\/uploads\/2026\/02\/Collie.jpg 843w, https:\/\/hundeschule-rothenthurm.ch\/wp-content\/uploads\/2026\/02\/Collie-300x251.jpg 300w, https:\/\/hundeschule-rothenthurm.ch\/wp-content\/uploads\/2026\/02\/Collie-768x641.jpg 768w\" sizes=\"auto, (max-width: 767px) 89vw, (max-width: 1000px) 54vw, (max-width: 1071px) 543px, 580px\" \/><\/figure>\n\n\n\n<figure class=\"wp-block-table\"><table class=\"has-fixed-layout\"><tbody><tr><td class=\"has-text-align-left\" data-align=\"left\"><strong>Herbst &#8211; Ank\u00f6rung in&nbsp;<\/strong><strong>Rothenthurm (SZ)<\/strong><\/td><\/tr><tr><td class=\"has-text-align-left\" data-align=\"left\"><strong>Samstag, 26. September 2026, Beginn: 09.00 Uhr<\/strong><\/td><\/tr><tr><td class=\"has-text-align-left\" data-align=\"left\"><strong>Wir sind zu Gast beim&nbsp;<a href=\"http:\/\/www.sc-ogs.ch\/index.php\" target=\"_blank\" rel=\"noreferrer noopener\">Sch\u00e4ferhunde-Club Schwyzerland Rothenthurm<\/a>.<\/strong>Anfahrt (<a href=\"http:\/\/www.sc-ogs.ch\/anfahrt---kontakt\/anfahrt\/index.html\" target=\"_blank\" rel=\"noreferrer noopener\">s. Link<\/a>)<\/td><\/tr><tr><td class=\"has-text-align-left\" data-align=\"left\"><strong>Vorgesehene Richter:<br><\/strong>xxx (Formwert)xxx (Verhaltensbeurteilung)<\/td><\/tr><tr><td class=\"has-text-align-left\" data-align=\"left\">&nbsp;Anmeldung (<a href=\"https:\/\/www.collieclub.ch\/pdf_dok\/d_pdf\/anmeldung_ank%C3%B6rung_2023.pdf\" target=\"_blank\" rel=\"noreferrer noopener\">Formular<\/a>) f\u00fcr die Ank\u00f6rung bis sp\u00e4testens&nbsp;<strong>&nbsp;11. September 2026&nbsp;<\/strong>an die Zuchtwartin:<br>Valeska M\u00fcller, Breite 84, 4229 Beinwil SO Tel: 062 394 12 73,&nbsp;<a href=\"mailto:valeskamueller@bluewin.ch\">E-Mail<\/a><br><br><strong>Bitte&nbsp;auch die Anzahl Mittagessen angeben.&nbsp;Die Anmeldungen werden best\u00e4tigt!<\/strong><\/td><\/tr><\/tbody><\/table><\/figure>\n","protected":false},"excerpt":{"rendered":"<p>Ausstellung Sch\u00e4ferhunde http:\/\/www.schaeferhund.ch Plausch-Tag Plausch-Meeting Herbst &#8211; Ank\u00f6rung in&nbsp;Rothenthurm (SZ) Samstag, 26. September 2026, Beginn: 09.00 Uhr Wir sind zu Gast beim&nbsp;Sch\u00e4ferhunde-Club Schwyzerland Rothenthurm.Anfahrt (s. Link) Vorgesehene Richter:xxx (Formwert)xxx (Verhaltensbeurteilung) &nbsp;Anmeldung (Formular) f\u00fcr die Ank\u00f6rung bis sp\u00e4testens&nbsp;&nbsp;11. September 2026&nbsp;an die Zuchtwartin:Valeska M\u00fcller, Breite 84, 4229 Beinwil SO Tel: 062 394 12 73,&nbsp;E-Mail Bitte&nbsp;auch die Anzahl &hellip; <\/p>\n<p class=\"link-more\"><a href=\"https:\/\/hundeschule-rothenthurm.ch\/?page_id=35\" class=\"more-link\"><span class=\"screen-reader-text\">\u201eEvents\u201c <\/span>weiterlesen<\/a><\/p>\n","protected":false},"author":1,"featured_media":0,"parent":0,"menu_order":0,"comment_status":"closed","ping_status":"closed","template":"","meta":{"ngg_post_thumbnail":0,"footnotes":""},"class_list":["post-35","page","type-page","status-publish","hentry"],"_links":{"self":[{"href":"https:\/\/hundeschule-rothenthurm.ch\/index.php?rest_route=\/wp\/v2\/pages\/35","targetHints":{"allow":["GET"]}}],"collection":[{"href":"https:\/\/hundeschule-rothenthurm.ch\/index.php?rest_route=\/wp\/v2\/pages"}],"about":[{"href":"https:\/\/hundeschule-rothenthurm.ch\/index.php?rest_route=\/wp\/v2\/types\/page"}],"author":[{"embeddable":true,"href":"https:\/\/hundeschule-rothenthurm.ch\/index.php?rest_route=\/wp\/v2\/users\/1"}],"replies":[{"embeddable":true,"href":"https:\/\/hundeschule-rothenthurm.ch\/index.php?rest_route=%2Fwp%2Fv2%2Fcomments&post=35"}],"version-history":[{"count":22,"href":"https:\/\/hundeschule-rothenthurm.ch\/index.php?rest_route=\/wp\/v2\/pages\/35\/revisions"}],"predecessor-version":[{"id":979,"href":"https:\/\/hundeschule-rothenthurm.ch\/index.php?rest_route=\/wp\/v2\/pages\/35\/revisions\/979"}],"wp:attachment":[{"href":"https:\/\/hundeschule-rothenthurm.ch\/index.php?rest_route=%2Fwp%2Fv2%2Fmedia&parent=35"}],"curies":[{"name":"wp","href":"https:\/\/api.w.org\/{rel}","templated":true}]}}