{"id":195,"date":"2026-02-20T17:49:36","date_gmt":"2026-02-20T17:49:36","guid":{"rendered":"https:\/\/hundeschule-rothenthurm.ch\/?page_id=195"},"modified":"2026-02-20T17:50:15","modified_gmt":"2026-02-20T17:50:15","slug":"jugend-hund-spass-gruppe","status":"publish","type":"page","link":"https:\/\/hundeschule-rothenthurm.ch\/?page_id=195","title":{"rendered":"Jugend &amp; Hund \/ Spass Gruppe:"},"content":{"rendered":"\n<p>Trainerin: Astrid Moser<\/p>\n\n\n\n<figure class=\"wp-block-image size-large\"><img loading=\"lazy\" decoding=\"async\" width=\"1024\" height=\"898\" src=\"http:\/\/hundeschule-rothenthurm.ch\/wp-content\/uploads\/2026\/02\/Astrid-1024x898.jpeg\" alt=\"\" class=\"wp-image-120\" srcset=\"https:\/\/hundeschule-rothenthurm.ch\/wp-content\/uploads\/2026\/02\/Astrid-1024x898.jpeg 1024w, https:\/\/hundeschule-rothenthurm.ch\/wp-content\/uploads\/2026\/02\/Astrid-300x263.jpeg 300w, https:\/\/hundeschule-rothenthurm.ch\/wp-content\/uploads\/2026\/02\/Astrid-768x673.jpeg 768w, https:\/\/hundeschule-rothenthurm.ch\/wp-content\/uploads\/2026\/02\/Astrid.jpeg 1170w\" sizes=\"auto, (max-width: 767px) 89vw, (max-width: 1000px) 54vw, (max-width: 1071px) 543px, 580px\" \/><\/figure>\n\n\n\n<p>-Ab 2006 aktive Hundesportlerin im SC OG Schwyzerland<\/p>\n\n\n\n<p>-2008 Ausbildung mit Zertifikat (Gemeinsam Unterwegs)&nbsp;<\/p>\n\n\n\n<p>(Lerntheorie, Umgang mit Stress, Ausdrucksverhalten, mentale Stimulation, Training von Alltagssituationen, Pflege- und Gesundheitsvorsorge, Verhaltensauff\u00e4lligkeiten mit dem Hauptziel der Pr\u00e4vention)<\/p>\n\n\n\n<p>Mit weiteren Aus und Weiterbildungen.<\/p>\n\n\n\n<p>-2009 Gruppenleiterdiplom SKG<\/p>\n\n\n\n<p>-2011 Ausbildung zum Therapiehunde-Team mit Zertifikat<\/p>\n\n\n\n<p>-Von 2007-2022 arbeitete ich als Gruppenleiterin bei den Gruppen Junghunde, Familienhunde sowie Begleitbunde.<\/p>\n\n\n\n<p>(Weiterbildungen in diesen Sparten wurden erfolgreich besucht.)<\/p>\n\n\n\n<p>Mit meiner damaligen H\u00fcndin Sinta arbeitete ich in dieser Zeit in Begleithunde1-3 mit Pr\u00fcfungen. Und zeitgleich als Therapiehunde-Team in Heilp\u00e4dagogische Schulen, Altersheime sowie mit Privaten Klienten.<\/p>\n\n\n\n<p>-2025 Erfolgreiche Leiterausbildung zur Jugend und Hund (Brevet 1)<\/p>\n\n\n\n<p>&nbsp;Neu begleitet mich seit 5 Jahren Gioia (Flat Coated Retriever) unser Allrounder-Familienhund mit viel Freude. Wir arbeiten zusammen im Hundesport SchaSu.<\/p>\n","protected":false},"excerpt":{"rendered":"<p>Trainerin: Astrid Moser -Ab 2006 aktive Hundesportlerin im SC OG Schwyzerland -2008 Ausbildung mit Zertifikat (Gemeinsam Unterwegs)&nbsp; (Lerntheorie, Umgang mit Stress, Ausdrucksverhalten, mentale Stimulation, Training von Alltagssituationen, Pflege- und Gesundheitsvorsorge, Verhaltensauff\u00e4lligkeiten mit dem Hauptziel der Pr\u00e4vention) Mit weiteren Aus und Weiterbildungen. -2009 Gruppenleiterdiplom SKG -2011 Ausbildung zum Therapiehunde-Team mit Zertifikat -Von 2007-2022 arbeitete ich als &hellip; <\/p>\n<p class=\"link-more\"><a href=\"https:\/\/hundeschule-rothenthurm.ch\/?page_id=195\" class=\"more-link\"><span class=\"screen-reader-text\">\u201eJugend &amp; Hund \/ Spass Gruppe:\u201c <\/span>weiterlesen<\/a><\/p>\n","protected":false},"author":2,"featured_media":0,"parent":0,"menu_order":0,"comment_status":"closed","ping_status":"closed","template":"","meta":{"ngg_post_thumbnail":0,"footnotes":""},"class_list":["post-195","page","type-page","status-publish","hentry"],"_links":{"self":[{"href":"https:\/\/hundeschule-rothenthurm.ch\/index.php?rest_route=\/wp\/v2\/pages\/195","targetHints":{"allow":["GET"]}}],"collection":[{"href":"https:\/\/hundeschule-rothenthurm.ch\/index.php?rest_route=\/wp\/v2\/pages"}],"about":[{"href":"https:\/\/hundeschule-rothenthurm.ch\/index.php?rest_route=\/wp\/v2\/types\/page"}],"author":[{"embeddable":true,"href":"https:\/\/hundeschule-rothenthurm.ch\/index.php?rest_route=\/wp\/v2\/users\/2"}],"replies":[{"embeddable":true,"href":"https:\/\/hundeschule-rothenthurm.ch\/index.php?rest_route=%2Fwp%2Fv2%2Fcomments&post=195"}],"version-history":[{"count":3,"href":"https:\/\/hundeschule-rothenthurm.ch\/index.php?rest_route=\/wp\/v2\/pages\/195\/revisions"}],"predecessor-version":[{"id":198,"href":"https:\/\/hundeschule-rothenthurm.ch\/index.php?rest_route=\/wp\/v2\/pages\/195\/revisions\/198"}],"wp:attachment":[{"href":"https:\/\/hundeschule-rothenthurm.ch\/index.php?rest_route=%2Fwp%2Fv2%2Fmedia&parent=195"}],"curies":[{"name":"wp","href":"https:\/\/api.w.org\/{rel}","templated":true}]}}