{"id":189,"date":"2026-02-20T17:43:10","date_gmt":"2026-02-20T17:43:10","guid":{"rendered":"https:\/\/hundeschule-rothenthurm.ch\/?page_id=189"},"modified":"2026-03-18T09:18:01","modified_gmt":"2026-03-18T09:18:01","slug":"junghunde-gruppe","status":"publish","type":"page","link":"https:\/\/hundeschule-rothenthurm.ch\/?page_id=189","title":{"rendered":"Familienhunde"},"content":{"rendered":"\n<p>Trainerin: Barbara Imhof<\/p>\n\n\n\n<figure class=\"wp-block-image size-large\"><img loading=\"lazy\" decoding=\"async\" width=\"576\" height=\"1024\" src=\"http:\/\/hundeschule-rothenthurm.ch\/wp-content\/uploads\/2026\/03\/WhatsApp-Image-2026-03-18-at-10.10.14-576x1024.jpeg\" alt=\"\" class=\"wp-image-1133\" srcset=\"https:\/\/hundeschule-rothenthurm.ch\/wp-content\/uploads\/2026\/03\/WhatsApp-Image-2026-03-18-at-10.10.14-576x1024.jpeg 576w, https:\/\/hundeschule-rothenthurm.ch\/wp-content\/uploads\/2026\/03\/WhatsApp-Image-2026-03-18-at-10.10.14-169x300.jpeg 169w, https:\/\/hundeschule-rothenthurm.ch\/wp-content\/uploads\/2026\/03\/WhatsApp-Image-2026-03-18-at-10.10.14-768x1367.jpeg 768w, https:\/\/hundeschule-rothenthurm.ch\/wp-content\/uploads\/2026\/03\/WhatsApp-Image-2026-03-18-at-10.10.14-863x1536.jpeg 863w, https:\/\/hundeschule-rothenthurm.ch\/wp-content\/uploads\/2026\/03\/WhatsApp-Image-2026-03-18-at-10.10.14.jpeg 1151w\" sizes=\"auto, (max-width: 576px) 100vw, 576px\" \/><\/figure>\n\n\n\n<ul class=\"wp-block-list\">\n<li>&nbsp;Pflegefachfrau HF, Managementbereich<\/li>\n\n\n\n<li>Mutter von 3 erwachsenen Kinder<\/li>\n\n\n\n<li>SKG-Gruppenleiter der Interessengemeinschaft kynologischer Verein<\/li>\n\n\n\n<li>Weiterbildungen im Schwerpunkt Familienhund und Junghund<\/li>\n<\/ul>\n\n\n\n<p>Meine Hundekarriere begann mit der Ausbildung von Ganja als Assistenzhund. Ganja kam 2014 zu uns in die Familie und ich durfte sie zum Assistenzhund ausbilden. Ganja leistete 4 Jahre hervorragend ihre Assistenzaufgaben.<\/p>\n\n\n\n<p>Laufend bilde ich mich an Kursen und Seminare weiter.<\/p>\n\n\n\n<p>Durch Ganja lernte ich die sch\u00f6nen Seiten einer Hundebetreuung. Ich machte mir zum Ziel, Mensch und Hund auf ihrem gemeinsamen Weg zu begleiten, St\u00e4rke zu f\u00f6rdern und Fehlverhalten zu eliminieren Mit meiner H\u00fcndin Ganja aus der Zucht the happy black foot arbeite ich aktuell in den Bereichen, Unterordnung, Leinenf\u00fchrigkeit, F\u00e4hrtenarbeit sowie im Schnee versteckte Personen zu finden.<\/p>\n","protected":false},"excerpt":{"rendered":"<p>Trainerin: Barbara Imhof Meine Hundekarriere begann mit der Ausbildung von Ganja als Assistenzhund. Ganja kam 2014 zu uns in die Familie und ich durfte sie zum Assistenzhund ausbilden. Ganja leistete 4 Jahre hervorragend ihre Assistenzaufgaben. Laufend bilde ich mich an Kursen und Seminare weiter. Durch Ganja lernte ich die sch\u00f6nen Seiten einer Hundebetreuung. Ich machte &hellip; <\/p>\n<p class=\"link-more\"><a href=\"https:\/\/hundeschule-rothenthurm.ch\/?page_id=189\" class=\"more-link\"><span class=\"screen-reader-text\">\u201eFamilienhunde\u201c <\/span>weiterlesen<\/a><\/p>\n","protected":false},"author":2,"featured_media":0,"parent":0,"menu_order":0,"comment_status":"closed","ping_status":"closed","template":"","meta":{"ngg_post_thumbnail":0,"footnotes":""},"class_list":["post-189","page","type-page","status-publish","hentry"],"_links":{"self":[{"href":"https:\/\/hundeschule-rothenthurm.ch\/index.php?rest_route=\/wp\/v2\/pages\/189","targetHints":{"allow":["GET"]}}],"collection":[{"href":"https:\/\/hundeschule-rothenthurm.ch\/index.php?rest_route=\/wp\/v2\/pages"}],"about":[{"href":"https:\/\/hundeschule-rothenthurm.ch\/index.php?rest_route=\/wp\/v2\/types\/page"}],"author":[{"embeddable":true,"href":"https:\/\/hundeschule-rothenthurm.ch\/index.php?rest_route=\/wp\/v2\/users\/2"}],"replies":[{"embeddable":true,"href":"https:\/\/hundeschule-rothenthurm.ch\/index.php?rest_route=%2Fwp%2Fv2%2Fcomments&post=189"}],"version-history":[{"count":5,"href":"https:\/\/hundeschule-rothenthurm.ch\/index.php?rest_route=\/wp\/v2\/pages\/189\/revisions"}],"predecessor-version":[{"id":1135,"href":"https:\/\/hundeschule-rothenthurm.ch\/index.php?rest_route=\/wp\/v2\/pages\/189\/revisions\/1135"}],"wp:attachment":[{"href":"https:\/\/hundeschule-rothenthurm.ch\/index.php?rest_route=%2Fwp%2Fv2%2Fmedia&parent=189"}],"curies":[{"name":"wp","href":"https:\/\/api.w.org\/{rel}","templated":true}]}}