{"id":185,"date":"2026-02-20T17:39:38","date_gmt":"2026-02-20T17:39:38","guid":{"rendered":"https:\/\/hundeschule-rothenthurm.ch\/?page_id=185"},"modified":"2026-03-15T18:58:14","modified_gmt":"2026-03-15T18:58:14","slug":"familienhunde-gruppe","status":"publish","type":"page","link":"https:\/\/hundeschule-rothenthurm.ch\/?page_id=185","title":{"rendered":"Hunde im Alltag"},"content":{"rendered":"\n<p>Trainer: Marcel Weinhold<\/p>\n\n\n\n<figure class=\"wp-block-image size-full\"><img loading=\"lazy\" decoding=\"async\" width=\"605\" height=\"454\" src=\"http:\/\/hundeschule-rothenthurm.ch\/wp-content\/uploads\/2026\/03\/Bild1.jpg\" alt=\"\" class=\"wp-image-1023\" srcset=\"https:\/\/hundeschule-rothenthurm.ch\/wp-content\/uploads\/2026\/03\/Bild1.jpg 605w, https:\/\/hundeschule-rothenthurm.ch\/wp-content\/uploads\/2026\/03\/Bild1-300x225.jpg 300w\" sizes=\"auto, (max-width: 605px) 100vw, 605px\" \/><\/figure>\n\n\n\n<p>Ich bin mit Hunden aufgewachsen, 2006 hatte ich dann meinen ersten richtigen eigenen Hund, einen Dt. Sch\u00e4ferhund, mit dem ich eine Ausbildung beim Deutschen Roten Kreuz f\u00fcr Rettungshunde machte. Er wurde 13 Jahre alt. Seit 2022 bin ich als Assistenz Trainer bei den Familienhunde t\u00e4tig.<\/p>\n\n\n\n<p>Seit Januar 2026 befinde ich mich in der Trainer Ausbildung vom Welpen bis hin zu Verhaltensauff\u00e4lligkeiten und Aggressionsverhalten.<\/p>\n","protected":false},"excerpt":{"rendered":"<p>Trainer: Marcel Weinhold Ich bin mit Hunden aufgewachsen, 2006 hatte ich dann meinen ersten richtigen eigenen Hund, einen Dt. Sch\u00e4ferhund, mit dem ich eine Ausbildung beim Deutschen Roten Kreuz f\u00fcr Rettungshunde machte. Er wurde 13 Jahre alt. Seit 2022 bin ich als Assistenz Trainer bei den Familienhunde t\u00e4tig. Seit Januar 2026 befinde ich mich in &hellip; <\/p>\n<p class=\"link-more\"><a href=\"https:\/\/hundeschule-rothenthurm.ch\/?page_id=185\" class=\"more-link\"><span class=\"screen-reader-text\">\u201eHunde im Alltag\u201c <\/span>weiterlesen<\/a><\/p>\n","protected":false},"author":2,"featured_media":0,"parent":0,"menu_order":0,"comment_status":"closed","ping_status":"closed","template":"","meta":{"ngg_post_thumbnail":0,"footnotes":""},"class_list":["post-185","page","type-page","status-publish","hentry"],"_links":{"self":[{"href":"https:\/\/hundeschule-rothenthurm.ch\/index.php?rest_route=\/wp\/v2\/pages\/185","targetHints":{"allow":["GET"]}}],"collection":[{"href":"https:\/\/hundeschule-rothenthurm.ch\/index.php?rest_route=\/wp\/v2\/pages"}],"about":[{"href":"https:\/\/hundeschule-rothenthurm.ch\/index.php?rest_route=\/wp\/v2\/types\/page"}],"author":[{"embeddable":true,"href":"https:\/\/hundeschule-rothenthurm.ch\/index.php?rest_route=\/wp\/v2\/users\/2"}],"replies":[{"embeddable":true,"href":"https:\/\/hundeschule-rothenthurm.ch\/index.php?rest_route=%2Fwp%2Fv2%2Fcomments&post=185"}],"version-history":[{"count":4,"href":"https:\/\/hundeschule-rothenthurm.ch\/index.php?rest_route=\/wp\/v2\/pages\/185\/revisions"}],"predecessor-version":[{"id":1025,"href":"https:\/\/hundeschule-rothenthurm.ch\/index.php?rest_route=\/wp\/v2\/pages\/185\/revisions\/1025"}],"wp:attachment":[{"href":"https:\/\/hundeschule-rothenthurm.ch\/index.php?rest_route=%2Fwp%2Fv2%2Fmedia&parent=185"}],"curies":[{"name":"wp","href":"https:\/\/api.w.org\/{rel}","templated":true}]}}