{"id":116,"date":"2026-02-18T20:42:12","date_gmt":"2026-02-18T20:42:12","guid":{"rendered":"https:\/\/hundeschule-rothenthurm.ch\/?page_id=116"},"modified":"2026-02-20T15:17:04","modified_gmt":"2026-02-20T15:17:04","slug":"vermietung-clubhaus","status":"publish","type":"page","link":"https:\/\/hundeschule-rothenthurm.ch\/?page_id=116","title":{"rendered":"Vermietung Clubhaus"},"content":{"rendered":"\n<p>Du suchst einen passenden Raum f\u00fcr Veranstaltungen, Treffen oder Schulungen in naturnaher Umgebung? Unser Clubhaus steht Dir daf\u00fcr zur Verf\u00fcgung!<\/p>\n\n\n\n<p>Du hast die M\u00f6glichkeit, unser Clubhaus mit oder ohne Bedienung zu mieten. Ob f\u00fcr Seminare, Geburtstagsfeiern oder andere Events \u2013 wir bieten Dir eine flexible L\u00f6sung in einer gem\u00fctlichen und unkomplizierten Atmosph\u00e4re.<\/p>\n\n\n\n<p>Bei der Vermietung mit Bedienung k\u00fcmmern wir uns um Catering und Service, damit Du Dich ganz auf Euren Event konzentrieren kannst. Ohne Bedienung kannst Du den Raum selbstst\u00e4ndig nutzen und nach Deinen W\u00fcnschen gestalten.<\/p>\n\n\n\n<p>Bei Interesse oder Fragen stehen wir Dir nat\u00fcrlich gerne jederzeit zur Verf\u00fcgung!<\/p>\n\n\n\n<div class=\"wp-block-file\"><a id=\"wp-block-file--media-b87968f2-201d-4add-86da-8f00c55d4ca0\" href=\"http:\/\/hundeschule-rothenthurm.ch\/wp-content\/uploads\/2026\/02\/Mietvertrag-Clubhuette_Upload.pdf\">Mietvertrag Clubh\u00fctte_Upload<\/a><a href=\"http:\/\/hundeschule-rothenthurm.ch\/wp-content\/uploads\/2026\/02\/Mietvertrag-Clubhuette_Upload.pdf\" class=\"wp-block-file__button wp-element-button\" download aria-describedby=\"wp-block-file--media-b87968f2-201d-4add-86da-8f00c55d4ca0\">Herunterladen<\/a><\/div>\n\n\n\n<div data-wp-interactive=\"core\/file\" class=\"wp-block-file\"><object data-wp-bind--hidden=\"!state.hasPdfPreview\" hidden class=\"wp-block-file__embed\" data=\"http:\/\/hundeschule-rothenthurm.ch\/wp-content\/uploads\/2026\/02\/Mietvertrag-Clubhuette_Upload.pdf\" type=\"application\/pdf\" style=\"width:100%;height:600px\" aria-label=\"Einbettung von Mietvertrag Clubh\u00fctte_Upload.\"><\/object><a id=\"wp-block-file--media-527d8511-d9af-4f19-a56c-4991e1f8d9d9\" href=\"http:\/\/hundeschule-rothenthurm.ch\/wp-content\/uploads\/2026\/02\/Mietvertrag-Clubhuette_Upload.pdf\">Mietvertrag Clubh\u00fctte_Upload<\/a><a href=\"http:\/\/hundeschule-rothenthurm.ch\/wp-content\/uploads\/2026\/02\/Mietvertrag-Clubhuette_Upload.pdf\" class=\"wp-block-file__button wp-element-button\" download aria-describedby=\"wp-block-file--media-527d8511-d9af-4f19-a56c-4991e1f8d9d9\">Herunterladen<\/a><\/div>\n","protected":false},"excerpt":{"rendered":"<p>Du suchst einen passenden Raum f\u00fcr Veranstaltungen, Treffen oder Schulungen in naturnaher Umgebung? Unser Clubhaus steht Dir daf\u00fcr zur Verf\u00fcgung! Du hast die M\u00f6glichkeit, unser Clubhaus mit oder ohne Bedienung zu mieten. Ob f\u00fcr Seminare, Geburtstagsfeiern oder andere Events \u2013 wir bieten Dir eine flexible L\u00f6sung in einer gem\u00fctlichen und unkomplizierten Atmosph\u00e4re. Bei der Vermietung &hellip; <\/p>\n<p class=\"link-more\"><a href=\"https:\/\/hundeschule-rothenthurm.ch\/?page_id=116\" class=\"more-link\"><span class=\"screen-reader-text\">\u201eVermietung Clubhaus\u201c <\/span>weiterlesen<\/a><\/p>\n","protected":false},"author":1,"featured_media":0,"parent":0,"menu_order":0,"comment_status":"closed","ping_status":"closed","template":"","meta":{"ngg_post_thumbnail":0,"footnotes":""},"class_list":["post-116","page","type-page","status-publish","hentry"],"_links":{"self":[{"href":"https:\/\/hundeschule-rothenthurm.ch\/index.php?rest_route=\/wp\/v2\/pages\/116","targetHints":{"allow":["GET"]}}],"collection":[{"href":"https:\/\/hundeschule-rothenthurm.ch\/index.php?rest_route=\/wp\/v2\/pages"}],"about":[{"href":"https:\/\/hundeschule-rothenthurm.ch\/index.php?rest_route=\/wp\/v2\/types\/page"}],"author":[{"embeddable":true,"href":"https:\/\/hundeschule-rothenthurm.ch\/index.php?rest_route=\/wp\/v2\/users\/1"}],"replies":[{"embeddable":true,"href":"https:\/\/hundeschule-rothenthurm.ch\/index.php?rest_route=%2Fwp%2Fv2%2Fcomments&post=116"}],"version-history":[{"count":5,"href":"https:\/\/hundeschule-rothenthurm.ch\/index.php?rest_route=\/wp\/v2\/pages\/116\/revisions"}],"predecessor-version":[{"id":160,"href":"https:\/\/hundeschule-rothenthurm.ch\/index.php?rest_route=\/wp\/v2\/pages\/116\/revisions\/160"}],"wp:attachment":[{"href":"https:\/\/hundeschule-rothenthurm.ch\/index.php?rest_route=%2Fwp%2Fv2%2Fmedia&parent=116"}],"curies":[{"name":"wp","href":"https:\/\/api.w.org\/{rel}","templated":true}]}}