{"id":1026,"date":"2026-03-15T19:00:04","date_gmt":"2026-03-15T19:00:04","guid":{"rendered":"https:\/\/hundeschule-rothenthurm.ch\/?page_id=1026"},"modified":"2026-03-15T19:00:04","modified_gmt":"2026-03-15T19:00:04","slug":"hunde-im-alltag","status":"publish","type":"page","link":"https:\/\/hundeschule-rothenthurm.ch\/?page_id=1026","title":{"rendered":"Hunde im Alltag"},"content":{"rendered":"\n<p><a><\/a>\u201eHunde im Alltag\u201c schaffe ich eine klare Struktur, sichere Rahmenbedingungen und eine positive Lernatmosph\u00e4re, damit Hund und Halter Alltagsherausforderungen souver\u00e4n meistern. Der Kurs verbindet praxisnahe \u00dcbungen mit gezielter Leitung, Moderation und Feedback.<\/p>\n\n\n\n<p><a><\/a>Geeignete Teilnehmer:<\/p>\n\n\n\n<ul class=\"wp-block-list\">\n<li>Hunde jeden Alters und Trainingsstandes<\/li>\n\n\n\n<li>Halter, die klare F\u00fchrung, Ruhe und alltagstaugliche Verhaltensweisen w\u00fcnschen<\/li>\n\n\n\n<li>Hundeerziehung muss alltagtauglich sein f\u00fcr den Menschen und stets artgerecht im Umgang mit dem Hund<\/li>\n\n\n\n<li>Fairness, Sicherheit und Respekt bilden die Grundlage f\u00fcr das Zusammenleben mit unserem Vierbeiner<\/li>\n<\/ul>\n","protected":false},"excerpt":{"rendered":"<p>\u201eHunde im Alltag\u201c schaffe ich eine klare Struktur, sichere Rahmenbedingungen und eine positive Lernatmosph\u00e4re, damit Hund und Halter Alltagsherausforderungen souver\u00e4n meistern. Der Kurs verbindet praxisnahe \u00dcbungen mit gezielter Leitung, Moderation und Feedback. Geeignete Teilnehmer:<\/p>\n","protected":false},"author":2,"featured_media":0,"parent":0,"menu_order":0,"comment_status":"closed","ping_status":"closed","template":"","meta":{"ngg_post_thumbnail":0,"footnotes":""},"class_list":["post-1026","page","type-page","status-publish","hentry"],"_links":{"self":[{"href":"https:\/\/hundeschule-rothenthurm.ch\/index.php?rest_route=\/wp\/v2\/pages\/1026","targetHints":{"allow":["GET"]}}],"collection":[{"href":"https:\/\/hundeschule-rothenthurm.ch\/index.php?rest_route=\/wp\/v2\/pages"}],"about":[{"href":"https:\/\/hundeschule-rothenthurm.ch\/index.php?rest_route=\/wp\/v2\/types\/page"}],"author":[{"embeddable":true,"href":"https:\/\/hundeschule-rothenthurm.ch\/index.php?rest_route=\/wp\/v2\/users\/2"}],"replies":[{"embeddable":true,"href":"https:\/\/hundeschule-rothenthurm.ch\/index.php?rest_route=%2Fwp%2Fv2%2Fcomments&post=1026"}],"version-history":[{"count":1,"href":"https:\/\/hundeschule-rothenthurm.ch\/index.php?rest_route=\/wp\/v2\/pages\/1026\/revisions"}],"predecessor-version":[{"id":1027,"href":"https:\/\/hundeschule-rothenthurm.ch\/index.php?rest_route=\/wp\/v2\/pages\/1026\/revisions\/1027"}],"wp:attachment":[{"href":"https:\/\/hundeschule-rothenthurm.ch\/index.php?rest_route=%2Fwp%2Fv2%2Fmedia&parent=1026"}],"curies":[{"name":"wp","href":"https:\/\/api.w.org\/{rel}","templated":true}]}}